{"id":7234,"date":"2024-10-12T16:33:33","date_gmt":"2024-10-12T19:33:33","guid":{"rendered":"https:\/\/alynealves.arq.br\/?page_id=7234"},"modified":"2024-10-18T15:02:43","modified_gmt":"2024-10-18T18:02:43","slug":"orcamento","status":"publish","type":"page","link":"https:\/\/alynealves.arq.br\/?page_id=7234","title":{"rendered":"Or\u00e7amento"},"content":{"rendered":"\t\t<div data-elementor-type=\"wp-page\" data-elementor-id=\"7234\" class=\"elementor elementor-7234\" data-elementor-settings=\"{&quot;element_pack_global_tooltip_width&quot;:{&quot;unit&quot;:&quot;px&quot;,&quot;size&quot;:&quot;&quot;,&quot;sizes&quot;:[]},&quot;element_pack_global_tooltip_width_tablet&quot;:{&quot;unit&quot;:&quot;px&quot;,&quot;size&quot;:&quot;&quot;,&quot;sizes&quot;:[]},&quot;element_pack_global_tooltip_width_mobile&quot;:{&quot;unit&quot;:&quot;px&quot;,&quot;size&quot;:&quot;&quot;,&quot;sizes&quot;:[]},&quot;element_pack_global_tooltip_padding&quot;:{&quot;unit&quot;:&quot;px&quot;,&quot;top&quot;:&quot;&quot;,&quot;right&quot;:&quot;&quot;,&quot;bottom&quot;:&quot;&quot;,&quot;left&quot;:&quot;&quot;,&quot;isLinked&quot;:true},&quot;element_pack_global_tooltip_padding_tablet&quot;:{&quot;unit&quot;:&quot;px&quot;,&quot;top&quot;:&quot;&quot;,&quot;right&quot;:&quot;&quot;,&quot;bottom&quot;:&quot;&quot;,&quot;left&quot;:&quot;&quot;,&quot;isLinked&quot;:true},&quot;element_pack_global_tooltip_padding_mobile&quot;:{&quot;unit&quot;:&quot;px&quot;,&quot;top&quot;:&quot;&quot;,&quot;right&quot;:&quot;&quot;,&quot;bottom&quot;:&quot;&quot;,&quot;left&quot;:&quot;&quot;,&quot;isLinked&quot;:true},&quot;element_pack_global_tooltip_border_radius&quot;:{&quot;unit&quot;:&quot;px&quot;,&quot;top&quot;:&quot;&quot;,&quot;right&quot;:&quot;&quot;,&quot;bottom&quot;:&quot;&quot;,&quot;left&quot;:&quot;&quot;,&quot;isLinked&quot;:true},&quot;element_pack_global_tooltip_border_radius_tablet&quot;:{&quot;unit&quot;:&quot;px&quot;,&quot;top&quot;:&quot;&quot;,&quot;right&quot;:&quot;&quot;,&quot;bottom&quot;:&quot;&quot;,&quot;left&quot;:&quot;&quot;,&quot;isLinked&quot;:true},&quot;element_pack_global_tooltip_border_radius_mobile&quot;:{&quot;unit&quot;:&quot;px&quot;,&quot;top&quot;:&quot;&quot;,&quot;right&quot;:&quot;&quot;,&quot;bottom&quot;:&quot;&quot;,&quot;left&quot;:&quot;&quot;,&quot;isLinked&quot;:true}}\" data-elementor-post-type=\"page\">\n\t\t\t\t\t\t<section data-particle_enable=\"false\" data-particle-mobile-disabled=\"false\" class=\"elementor-section elementor-top-section elementor-element elementor-element-2e2e111 elementor-section-boxed elementor-section-height-default elementor-section-height-default\" data-id=\"2e2e111\" data-element_type=\"section\">\n\t\t\t\t\t\t<div class=\"elementor-container elementor-column-gap-default\">\n\t\t\t\t\t<div class=\"elementor-column elementor-col-100 elementor-top-column elementor-element elementor-element-e69235b\" data-id=\"e69235b\" data-element_type=\"column\">\n\t\t\t<div class=\"elementor-widget-wrap elementor-element-populated\">\n\t\t\t\t\t\t<div class=\"elementor-element elementor-element-a367618 eael-wpforms-labels-yes eael-wpforms-form-button-custom elementor-widget elementor-widget-eael-wpforms\" data-id=\"a367618\" data-element_type=\"widget\" data-widget_type=\"eael-wpforms.default\">\n\t\t\t\t<div class=\"elementor-widget-container\">\n\t\t\t            <div class=\"eael-contact-form eael-wpforms title-description-hide eael-contact-form-align-default\">\n                                    <div class=\"eael-wpforms-heading\">\n                                                    <h3 class=\"eael-contact-form-title eael-wpforms-title\">\n                                Formul\u00e1rio de Solicita\u00e7\u00e3o                            <\/h3>\n                                                                    <\/div>\n                                <div class=\"wpforms-container wpforms-container-full wpforms-render-modern\" id=\"wpforms-7220\"><form id=\"wpforms-form-7220\" class=\"wpforms-validate wpforms-form wpforms-ajax-form\" data-formid=\"7220\" method=\"post\" enctype=\"multipart\/form-data\" action=\"\/index.php?rest_route=%2Fwp%2Fv2%2Fpages%2F7234\" data-token=\"63b08595292918d9130827e01ad11ca8\" data-token-time=\"1778060006\"><noscript class=\"wpforms-error-noscript\">Ative o JavaScript no seu navegador para preencher este formul\u00e1rio.<\/noscript><div class=\"wpforms-hidden\" id=\"wpforms-error-noscript\">Ative o JavaScript no seu navegador para preencher este formul\u00e1rio.<\/div><div class=\"wpforms-field-container\"><div id=\"wpforms-7220-field_1-container\" class=\"wpforms-field wpforms-field-text\" data-field-id=\"1\"><label class=\"wpforms-field-label\" for=\"wpforms-7220-field_1\">Nome Completo: <span class=\"wpforms-required-label\" aria-hidden=\"true\">*<\/span><\/label><input type=\"text\" id=\"wpforms-7220-field_1\" class=\"wpforms-field-medium wpforms-field-required\" name=\"wpforms[fields][1]\" aria-errormessage=\"wpforms-7220-field_1-error\" required><\/div><div id=\"wpforms-7220-field_4-container\" class=\"wpforms-field wpforms-field-layout\" data-field-id=\"4\"><div class=\"wpforms-field-layout-rows wpforms-field-large\"><div class=\"wpforms-layout-row\"><div class=\"wpforms-layout-column wpforms-layout-column-50\"><div id=\"wpforms-7220-field_2-container\" class=\"wpforms-field wpforms-field-text\" data-field-id=\"2\"><label class=\"wpforms-field-label\" for=\"wpforms-7220-field_2\">Celular: <span class=\"wpforms-required-label\" aria-hidden=\"true\">*<\/span><\/label><input type=\"text\" id=\"wpforms-7220-field_2\" class=\"wpforms-field-small wpforms-field-required wpforms-masked-input\" data-rule-inputmask-incomplete=\"1\" data-inputmask-mask=\"(99)99999-9999\" name=\"wpforms[fields][2]\" aria-errormessage=\"wpforms-7220-field_2-error\" required><\/div><\/div><div class=\"wpforms-layout-column wpforms-layout-column-50\"><div id=\"wpforms-7220-field_3-container\" class=\"wpforms-field wpforms-field-email\" data-field-id=\"3\"><label class=\"wpforms-field-label\" for=\"wpforms-7220-field_3\">E-mail: <span class=\"wpforms-required-label\" aria-hidden=\"true\">*<\/span><\/label><input type=\"email\" id=\"wpforms-7220-field_3\" class=\"wpforms-field-small wpforms-field-required\" name=\"wpforms[fields][3]\" spellcheck=\"false\" aria-errormessage=\"wpforms-7220-field_3-error\" required><\/div><\/div><\/div><\/div><\/div><div id=\"wpforms-7220-field_9-container\" class=\"wpforms-field wpforms-field-layout\" data-field-id=\"9\"><div class=\"wpforms-field-layout-rows wpforms-field-large\"><div class=\"wpforms-layout-row\"><div class=\"wpforms-layout-column wpforms-layout-column-33\"><div id=\"wpforms-7220-field_8-container\" class=\"wpforms-field wpforms-field-select wpforms-field-select-style-classic\" data-field-id=\"8\"><label class=\"wpforms-field-label\" for=\"wpforms-7220-field_8\">Servi\u00e7o Desejado: <span class=\"wpforms-required-label\" aria-hidden=\"true\">*<\/span><\/label><select id=\"wpforms-7220-field_8\" class=\"wpforms-field-medium wpforms-field-required\" name=\"wpforms[fields][8]\" required=\"required\"><option value=\"## Selecione um Servi\u00e7o ##\" >## Selecione um Servi\u00e7o ##<\/option><option value=\"Projeto de interiores apartamento\" >Projeto de interiores apartamento<\/option><option value=\"Projeto de interiores casa\" >Projeto de interiores casa<\/option><option value=\"Projeto de arquitetura comercial\" >Projeto de arquitetura comercial<\/option><option value=\"Projeto de arquitetura coorporativo\" >Projeto de arquitetura coorporativo<\/option><option value=\"Consultoria\" >Consultoria<\/option><option value=\"Outro\" >Outro<\/option><\/select><\/div><\/div><div class=\"wpforms-layout-column wpforms-layout-column-33\"><div id=\"wpforms-7220-field_6-container\" class=\"wpforms-field wpforms-field-text\" data-field-id=\"6\"><label class=\"wpforms-field-label\" for=\"wpforms-7220-field_6\">Local do Projeto: <span class=\"wpforms-required-label\" aria-hidden=\"true\">*<\/span><\/label><input type=\"text\" id=\"wpforms-7220-field_6\" class=\"wpforms-field-medium wpforms-field-required\" name=\"wpforms[fields][6]\" aria-errormessage=\"wpforms-7220-field_6-error\" required><\/div><\/div><div class=\"wpforms-layout-column wpforms-layout-column-33\"><div id=\"wpforms-7220-field_10-container\" class=\"wpforms-field wpforms-field-text\" data-field-id=\"10\"><label class=\"wpforms-field-label\" for=\"wpforms-7220-field_10\">\u00c1rea aproximada (m\u00b2): <span class=\"wpforms-required-label\" aria-hidden=\"true\">*<\/span><\/label><input type=\"text\" id=\"wpforms-7220-field_10\" class=\"wpforms-field-medium wpforms-field-required\" name=\"wpforms[fields][10]\" aria-errormessage=\"wpforms-7220-field_10-error\" required><\/div><\/div><\/div><\/div><\/div><div id=\"wpforms-7220-field_7-container\" class=\"wpforms-field wpforms-field-textarea\" data-field-id=\"7\"><label class=\"wpforms-field-label\" for=\"wpforms-7220-field_7\">Descreva brevemente sobre seu interesse de projeto: <span class=\"wpforms-required-label\" aria-hidden=\"true\">*<\/span><\/label><textarea id=\"wpforms-7220-field_7\" class=\"wpforms-field-medium wpforms-field-required\" name=\"wpforms[fields][7]\" aria-errormessage=\"wpforms-7220-field_7-error\" required><\/textarea><\/div><\/div><!-- .wpforms-field-container --><div class=\"wpforms-submit-container\" ><input type=\"hidden\" name=\"wpforms[id]\" value=\"7220\"><input type=\"hidden\" name=\"page_title\" value=\"\"><input type=\"hidden\" name=\"page_url\" value=\"https:\/\/alynealves.arq.br\/index.php?rest_route=%2Fwp%2Fv2%2Fpages%2F7234\"><button type=\"submit\" name=\"wpforms[submit]\" id=\"wpforms-submit-7220\" class=\"wpforms-submit\" data-alt-text=\"Enviando\u2026\" data-submit-text=\"Enviar\" aria-live=\"assertive\" value=\"wpforms-submit\">Enviar<\/button><img decoding=\"async\" src=\"https:\/\/alynealves.arq.br\/wp-content\/plugins\/wpforms\/assets\/images\/submit-spin.svg\" class=\"wpforms-submit-spinner\" style=\"display: none;\" width=\"26\" height=\"26\" alt=\"Carregando\"><\/div><\/form><\/div>  <!-- .wpforms-container -->            <\/div>\n\t\t<\/div>\n\t\t\t\t<\/div>\n\t\t\t\t\t<\/div>\n\t\t<\/div>\n\t\t\t\t\t<\/div>\n\t\t<\/section>\n\t\t\t\t<\/div>\n\t\t","protected":false},"excerpt":{"rendered":"<p>Formul\u00e1rio de Solicita\u00e7\u00e3o Ative o JavaScript no seu navegador para preencher este formul\u00e1rio.Ative o JavaScript no seu navegador para preencher este formul\u00e1rio.Nome Completo: *Celular: *E-mail: *Servi\u00e7o Desejado: *## Selecione um Servi\u00e7o ##Projeto de interiores apartamentoProjeto de interiores casaProjeto de arquitetura comercialProjeto de arquitetura coorporativoConsultoriaOutroLocal do Projeto: *\u00c1rea aproximada (m\u00b2): *Descreva brevemente sobre seu interesse de [&hellip;]<\/p>\n","protected":false},"author":2,"featured_media":0,"parent":0,"menu_order":0,"comment_status":"closed","ping_status":"closed","template":"","meta":{"om_disable_all_campaigns":false,"_monsterinsights_skip_tracking":false,"_monsterinsights_sitenote_active":false,"_monsterinsights_sitenote_note":"","_monsterinsights_sitenote_category":0,"footnotes":""},"class_list":["post-7234","page","type-page","status-publish","hentry"],"aioseo_notices":[],"featured_media_urls":[],"_links":{"self":[{"href":"https:\/\/alynealves.arq.br\/index.php?rest_route=\/wp\/v2\/pages\/7234"}],"collection":[{"href":"https:\/\/alynealves.arq.br\/index.php?rest_route=\/wp\/v2\/pages"}],"about":[{"href":"https:\/\/alynealves.arq.br\/index.php?rest_route=\/wp\/v2\/types\/page"}],"author":[{"embeddable":true,"href":"https:\/\/alynealves.arq.br\/index.php?rest_route=\/wp\/v2\/users\/2"}],"replies":[{"embeddable":true,"href":"https:\/\/alynealves.arq.br\/index.php?rest_route=%2Fwp%2Fv2%2Fcomments&post=7234"}],"version-history":[{"count":31,"href":"https:\/\/alynealves.arq.br\/index.php?rest_route=\/wp\/v2\/pages\/7234\/revisions"}],"predecessor-version":[{"id":7338,"href":"https:\/\/alynealves.arq.br\/index.php?rest_route=\/wp\/v2\/pages\/7234\/revisions\/7338"}],"wp:attachment":[{"href":"https:\/\/alynealves.arq.br\/index.php?rest_route=%2Fwp%2Fv2%2Fmedia&parent=7234"}],"curies":[{"name":"wp","href":"https:\/\/api.w.org\/{rel}","templated":true}]}}